{"id":12,"date":"2021-03-19T16:39:44","date_gmt":"2021-03-19T16:39:44","guid":{"rendered":"http:\/\/uptech.si\/?page_id=12"},"modified":"2023-07-02T09:32:22","modified_gmt":"2023-07-02T09:32:22","slug":"about","status":"publish","type":"page","link":"https:\/\/webtech.international\/sl\/about\/","title":{"rendered":"O Nas"},"content":{"rendered":"<section id=\"about-about\" class=\"fw-main-row about-about mt-5\"  >\n\t<div class=\"fw-container\">\n\t\t<div class=\"fw-row\">\n\t\n<div id=\"\" class=\"fw-col-xs-12 fw-col-sm-3 about-block-img text-center about-head animate__animated animate__zoomIn\">\n\t<img decoding=\"async\" src=\"\/\/webtech.international\/wp-content\/uploads\/2023\/06\/team.png\" alt=\"\/\/webtech.international\/wp-content\/uploads\/2023\/06\/team.png\" \/><\/div>\n\n<div id=\"\" class=\"fw-col-xs-12 fw-col-sm-9 about-block-text text-left animate__animated animate__slideInRight\">\n\t<h1>O nas<\/h1><p><em>Webtech je bil ustvarjen, da bi malim podjetjem dal mo\u017enost, da povedo svojo zgodbo in pove\u010dajo svojo prisotnost v okoljih, kamor pripadajo.<\/em><\/p><p>Na\u0161a ekipa sestoji iz strokovnjakov iz razli\u010dnih podro\u010dij, razporejenih po ve\u010d dr\u017eavah Evrope in Amerike. Imamo talentirano skupino programerjev, oblikovalcev in strokovnjakov za SEO, ki sodelujejo pri razli\u010dnih projektih iz razli\u010dnih delov sveta ter uporabljajo sodobna komunikacijska orodja, da ostanejo povezani.<\/p><p>\u010ceprav je na\u0161a ekipa ve\u010dinoma oddaljena, sta srce in mo\u017egani na\u0161ega podjetja locirani v Ljubljani, Sloveniji. Ljudje, ki so tukaj postavljeni, igrajo klju\u010dno vlogo pri izvajanju nalog, ki zahtevajo osebno prisotnost. Sodelujejo s na\u0161o oddaljeno ekipo, da zagotovijo, da se vsi vidiki na\u0161ih projektov izvajajo brezhibno, kar ustreza najvi\u0161jim standardom kakovosti. Kot rezultat, lahko zagotovimo vrhunske re\u0161itve, ki presegajo pri\u010dakovanja na\u0161ih strank, jim zagotavljajo brezprimerno raven storitev in podpore.<\/p><\/div>\n<\/div>\n\n\t<\/div>\n<\/section>","protected":false},"excerpt":{"rendered":"<p>About usWebtech was created to give small businesses the chance to tell<\/p>","protected":false},"author":1,"featured_media":0,"parent":0,"menu_order":0,"comment_status":"closed","ping_status":"closed","template":"","meta":{"footnotes":""},"class_list":["post-12","page","type-page","status-publish","hentry"],"_links":{"self":[{"href":"https:\/\/webtech.international\/sl\/wp-json\/wp\/v2\/pages\/12","targetHints":{"allow":["GET"]}}],"collection":[{"href":"https:\/\/webtech.international\/sl\/wp-json\/wp\/v2\/pages"}],"about":[{"href":"https:\/\/webtech.international\/sl\/wp-json\/wp\/v2\/types\/page"}],"author":[{"embeddable":true,"href":"https:\/\/webtech.international\/sl\/wp-json\/wp\/v2\/users\/1"}],"replies":[{"embeddable":true,"href":"https:\/\/webtech.international\/sl\/wp-json\/wp\/v2\/comments?post=12"}],"version-history":[{"count":149,"href":"https:\/\/webtech.international\/sl\/wp-json\/wp\/v2\/pages\/12\/revisions"}],"predecessor-version":[{"id":1713,"href":"https:\/\/webtech.international\/sl\/wp-json\/wp\/v2\/pages\/12\/revisions\/1713"}],"wp:attachment":[{"href":"https:\/\/webtech.international\/sl\/wp-json\/wp\/v2\/media?parent=12"}],"curies":[{"name":"wp","href":"https:\/\/api.w.org\/{rel}","templated":true}]}}