{"id":260,"date":"2023-04-06T13:13:46","date_gmt":"2023-04-06T13:13:46","guid":{"rendered":"http:\/\/uptech.si\/?page_id=260"},"modified":"2023-09-24T17:28:12","modified_gmt":"2023-09-24T17:28:12","slug":"development","status":"publish","type":"page","link":"https:\/\/webtech.international\/sl\/development\/","title":{"rendered":"WEB Development"},"content":{"rendered":"<p><section id=\"web-header\" class=\"fw-main-row mb-3\"  >\n\t<div class=\"fw-container-fluid\">\n\t\t<div class=\"fw-row\">\n\t\n<div id=\"\" class=\"fw-col-xs-12\">\n\t\n\t<div class=\"fw-divider-space\" style=\"padding-top: 100px;\"><\/div>\n<\/div>\n<\/div>\n\n<div class=\"fw-row\">\n\t\n<div id=\"\" class=\"fw-col-xs-12 fw-col-sm-3\">\n\t<\/div>\n\n<div id=\"\" class=\"fw-col-xs-12 fw-col-sm-3 animate__animated animate__fadeInLeft\">\n\t<img decoding=\"async\" src=\"\/\/webtech.international\/wp-content\/uploads\/2023\/06\/webdesign.jpg\" alt=\"\/\/webtech.international\/wp-content\/uploads\/2023\/06\/webdesign.jpg\" \/>\n\t<div class=\"fw-divider-space\" style=\"padding-top: 30px;\"><\/div>\n<\/div>\n\n<div id=\"\" class=\"fw-col-xs-12 fw-col-sm-4 text-start item  animate__animated animate__fadeInDown\">\n\t<h1>Maksimirajte Spletni Potencial<\/h1><p>Uspe\u0161ne znamke ponujajo spletno izku\u0161njo - z zanimivo vsebino, intuitivnim iskanjem poti in oblikami, ki so na prvem mestu prilagojene mobilnim napravam.<\/p><\/div>\n\n<div id=\"\" class=\"fw-col-xs-12 fw-col-sm-2\">\n\t<\/div>\n<\/div>\n\n\t<\/div>\n<\/section>\n<section id=\"web-process\" class=\"fw-main-row\" style=\"background-color:#f7f7f7;\" >\n\t<div class=\"fw-container-fluid\">\n\t\t<div class=\"fw-row\">\n\t\n<div id=\"\" class=\"fw-col-xs-12\">\n\t\n\t<div class=\"fw-divider-space\" style=\"padding-top: 70px;\"><\/div>\n<\/div>\n<\/div>\n\n<div class=\"fw-row\">\n\t\n<div id=\"\" class=\"fw-col-xs-12 fw-col-sm-2 text-start my-5\">\n\t<\/div>\n\n<div id=\"\" class=\"fw-col-xs-12 fw-col-sm-4 text-start my-5 animate__animated animate__fadeInLeft animate-on-scroll\">\n\t<h2>Prilagojen proces s preizku\u0161enimi orodji<\/h2><\/div>\n\n<div id=\"\" class=\"fw-col-xs-12 fw-col-sm-3 step text-start mb-5 animate__animated animate__fadeInRight animate-on-scroll\">\n\t<p><b>Odkrijte in Raziskujte<\/b><\/p><h3>Kdo ste? In kdo so va\u0161e stranke?<\/h3><p>Procesi, osredoto\u010deni na \u010dloveka, pomenijo, da je vsak projekt druga\u010den. Poglobimo se, da razumemo, kdo ste, kdo so va\u0161e stranke in kaj si \u017eelijo.<\/p><\/div>\n\n<div id=\"\" class=\"fw-col-xs-12 fw-col-sm-3\">\n\t<\/div>\n<\/div>\n\n<div class=\"fw-row\">\n\t\n<div id=\"\" class=\"fw-col-xs-12 fw-col-sm-2\">\n\t<\/div>\n\n<div id=\"\" class=\"fw-col-xs-12 fw-col-sm-4\">\n\t<\/div>\n\n<div id=\"\" class=\"fw-col-xs-12 fw-col-sm-3 step text-start mb-5  animate__animated animate__fadeInRight animate-on-scroll\">\n\t<p><b>Strategizirajte<\/b><\/p><h3>Oblikujte mo\u017ene re\u0161itve<\/h3><p>Analiziramo najbolj\u0161i proces in orodja za nalogo, ki je pred nami. \u010crpamo iz znanih okvirov in orodij, nato pa vsak projekt prilagodimo, da ustreza vam in potrebam va\u0161ih uporabnikov.<\/p><\/div>\n\n<div id=\"\" class=\"fw-col-xs-12 fw-col-sm-3\">\n\t<\/div>\n<\/div>\n\n<div class=\"fw-row\">\n\t\n<div id=\"\" class=\"fw-col-xs-12 fw-col-sm-2\">\n\t<\/div>\n\n<div id=\"\" class=\"fw-col-xs-12 fw-col-sm-4\">\n\t<\/div>\n\n<div id=\"\" class=\"fw-col-xs-12 fw-col-sm-3 step text-start mb-5  animate__animated animate__fadeInRight animate-on-scroll\">\n\t<p><b>Zgradite<\/b><\/p><h3>Prilagodljivost je klju\u010dna funkcija<\/h3><p>Eden na\u0161ih glavnih ciljev je zagotoviti mo\u017enost raz\u0161iritve in nadgradnje na\u0161ih re\u0161itev, ko va\u0161e podjetje raste.<\/p><\/div>\n\n<div id=\"\" class=\"fw-col-xs-12 fw-col-sm-3\">\n\t<\/div>\n<\/div>\n\n<div class=\"fw-row\">\n\t\n<div id=\"\" class=\"fw-col-xs-12 fw-col-sm-2\">\n\t<\/div>\n\n<div id=\"\" class=\"fw-col-xs-12 fw-col-sm-4\">\n\t<\/div>\n\n<div id=\"\" class=\"fw-col-xs-12 fw-col-sm-3 step text-start mb-5  animate__animated animate__fadeInRight animate-on-scroll\">\n\t<p><b>Promovirajte<\/b><\/p><h3>Ustvarili bomo vrve\u017e<\/h3><p>Z na\u0161imi re\u0161itvami za spletno promocijo bomo na va\u0161o spletno stran pripeljali mno\u017ei\u010den promet in pove\u010dali njeno vidnost. Od strate\u0161kih optimizacij SEO do ciljanih digitalnih marketin\u0161kih kampanj, poskrbeli smo za vse.<\/p><\/div>\n\n<div id=\"\" class=\"fw-col-xs-12 fw-col-sm-3\">\n\t<\/div>\n<\/div>\n\n\t<\/div>\n<\/section>\n<section id=\"\" class=\"fw-main-row\" style=\"background-color:#064a2d;\" >\n\t<div class=\"fw-container-fluid\">\n\t\t<div class=\"fw-row\">\n\t\n<div id=\"\" class=\"fw-col-xs-12\">\n\t\n\t<div class=\"fw-divider-space\" style=\"padding-top: 70px;\"><\/div>\n<\/div>\n<\/div>\n\n<div class=\"fw-row\">\n\t\n<div id=\"\" class=\"fw-col-xs-12 fw-col-sm-8 text-white ms-3 animate__animated animate__fadeInLeft animate-on-scroll\">\n\t<h2>Povejte Nam Va\u0161o Zgodbo<\/h2>\n\t<div class=\"fw-divider-space\" style=\"padding-top: 20px;\"><\/div>\n<p>Vedno i\u0161\u010demo nove prijatelje in nove zgodbe. Pri Webtechu vemo, da ima vsako podjetje edinstveno strast, zaradi katere je bilo ustvarjeno. Verjamemo, da bo va\u0161a strast spodbudila va\u0161e podjetje, da bo cvetelo in doseglo svoj polni potencial. Dovolite nam, da vam pomagamo deliti to zgodbo z drugimi, da dose\u017eete ta cilj.<\/p><a href=\"https:\/\/webtech.international\/sl\/prices\/#company-info\" target=\"_self\" class=\"fw-btn fw-btn-1  white-button\">\n\t<span>Deli svojo zgodbo<\/span>\n<\/a>\n<\/div>\n\n<div id=\"\" class=\"fw-col-xs-12 fw-col-sm-4\">\n\t<\/div>\n<\/div>\n\n<div class=\"fw-row\">\n\t\n<div id=\"\" class=\"fw-col-xs-12\">\n\t\n\t<div class=\"fw-divider-space\" style=\"padding-top: 70px;\"><\/div>\n<\/div>\n<\/div>\n\n\t<\/div>\n<\/section>\n<\/p>","protected":false},"excerpt":{"rendered":"<p>Maximize Online PotentialSuccessful brands offer a web experience &#8211; with engaging content,<\/p>","protected":false},"author":1,"featured_media":0,"parent":0,"menu_order":0,"comment_status":"closed","ping_status":"closed","template":"","meta":{"footnotes":""},"class_list":["post-260","page","type-page","status-publish","hentry"],"_links":{"self":[{"href":"https:\/\/webtech.international\/sl\/wp-json\/wp\/v2\/pages\/260","targetHints":{"allow":["GET"]}}],"collection":[{"href":"https:\/\/webtech.international\/sl\/wp-json\/wp\/v2\/pages"}],"about":[{"href":"https:\/\/webtech.international\/sl\/wp-json\/wp\/v2\/types\/page"}],"author":[{"embeddable":true,"href":"https:\/\/webtech.international\/sl\/wp-json\/wp\/v2\/users\/1"}],"replies":[{"embeddable":true,"href":"https:\/\/webtech.international\/sl\/wp-json\/wp\/v2\/comments?post=260"}],"version-history":[{"count":176,"href":"https:\/\/webtech.international\/sl\/wp-json\/wp\/v2\/pages\/260\/revisions"}],"predecessor-version":[{"id":1781,"href":"https:\/\/webtech.international\/sl\/wp-json\/wp\/v2\/pages\/260\/revisions\/1781"}],"wp:attachment":[{"href":"https:\/\/webtech.international\/sl\/wp-json\/wp\/v2\/media?parent=260"}],"curies":[{"name":"wp","href":"https:\/\/api.w.org\/{rel}","templated":true}]}}