{"id":860,"date":"2023-04-15T11:20:07","date_gmt":"2023-04-15T11:20:07","guid":{"rendered":"http:\/\/uptech.si\/?page_id=860"},"modified":"2023-07-01T07:13:18","modified_gmt":"2023-07-01T07:13:18","slug":"marketing","status":"publish","type":"page","link":"https:\/\/webtech.international\/sl\/marketing\/","title":{"rendered":"Spletni marketing"},"content":{"rendered":"<section id=\"marketing-header\" class=\"fw-main-row mt-5\"  >\n\t<div class=\"fw-container\">\n\t\t<div class=\"fw-row\">\n\t\n<div id=\"\" class=\"fw-col-xs-12\">\n\t\n\t<div class=\"fw-divider-space\" style=\"padding-top: 100px;\"><\/div>\n<\/div>\n<\/div>\n\n<div class=\"fw-row\">\n\t\n<div id=\"\" class=\"fw-col-xs-12 fw-col-sm-6 main-tile animate__animated animate__fadeIn animate__slower\">\n\t<h1>Spletne Marketin\u0161ke Re\u0161itve<\/h1><\/div>\n\n<div id=\"\" class=\"fw-col-xs-12 fw-col-sm-6 tile animate__animated  animate__fadeInTopRight\">\n\t<h2><i class=\"fa-brands fa-searchengin\"><\/i> SEO<\/h2><p><small class=\"d-block w-75\"><i>Pove\u010dajte svojo spletno prisotnost in u\u010dinkovito dosezite ciljno ob\u010dinstvo<\/i><\/small><\/p><p class=\"descriptor\">Zbiramo in analiziramo celovite vpoglede konkurence, kar nam omogo\u010da strate\u0161ko postavitev va\u0161e vsebine za optimalno vidnost pri iskanju, kar vam daje prednost pred tekmeci.<\/p><\/div>\n<\/div>\n\n<div class=\"fw-row\">\n\t\n<div id=\"\" class=\"fw-col-xs-12 fw-col-sm-6 tile animate__animated  animate__fadeInBottomLeft\">\n\t<h2><i class=\"fa-brands fa-mailchimp\"><\/i> Email Marketing<\/h2><p><small class=\"d-block w-75\"><i>Odklenite mo\u010d e-po\u0161tnega tr\u017eenja za spodbujanje anga\u017eiranosti strank in pretvorb<\/i><\/small><\/p><p class=\"descriptor translation-block\">Na\u0161e podjetje ima edinstveno <strong>B2B<\/strong> e-po\u0161tno bazo <a href=\"#\" target=\"_new\"><i class=\"fa-solid fa-arrow-up-right-from-square\"><\/i><\/a> kategorizirano po poslovnih sektorjih.<\/p><\/div>\n\n<div id=\"\" class=\"fw-col-xs-12 fw-col-sm-6 tile animate__animated  animate__fadeInBottomRight\">\n\t<h2><i class=\"fa-solid fa-bullseye\"><\/i> Marketing vsebine<\/h2><p><small class=\"d-block w-75\"><i>Connect with your audience on a deeper level through strategic content marketing<\/i><\/small><\/p><p class=\"descriptor\">It is important to focus on creating and distributing valuable, useful, and engaging content to attract, retain, and engage the target audience.<\/p><\/div>\n<\/div>\n\n<div class=\"fw-row\">\n\t\n<div id=\"\" class=\"fw-col-xs-12\">\n\t\n\t<div class=\"fw-divider-space\" style=\"padding-top: 50px;\"><\/div>\n<\/div>\n<\/div>\n\n\t<\/div>\n<\/section>","protected":false},"excerpt":{"rendered":"<p>Web Marketing Solutions SEOBoost your online presence and reach your target audience<\/p>","protected":false},"author":1,"featured_media":0,"parent":0,"menu_order":0,"comment_status":"closed","ping_status":"closed","template":"","meta":{"footnotes":""},"class_list":["post-860","page","type-page","status-publish","hentry"],"_links":{"self":[{"href":"https:\/\/webtech.international\/sl\/wp-json\/wp\/v2\/pages\/860","targetHints":{"allow":["GET"]}}],"collection":[{"href":"https:\/\/webtech.international\/sl\/wp-json\/wp\/v2\/pages"}],"about":[{"href":"https:\/\/webtech.international\/sl\/wp-json\/wp\/v2\/types\/page"}],"author":[{"embeddable":true,"href":"https:\/\/webtech.international\/sl\/wp-json\/wp\/v2\/users\/1"}],"replies":[{"embeddable":true,"href":"https:\/\/webtech.international\/sl\/wp-json\/wp\/v2\/comments?post=860"}],"version-history":[{"count":72,"href":"https:\/\/webtech.international\/sl\/wp-json\/wp\/v2\/pages\/860\/revisions"}],"predecessor-version":[{"id":1709,"href":"https:\/\/webtech.international\/sl\/wp-json\/wp\/v2\/pages\/860\/revisions\/1709"}],"wp:attachment":[{"href":"https:\/\/webtech.international\/sl\/wp-json\/wp\/v2\/media?parent=860"}],"curies":[{"name":"wp","href":"https:\/\/api.w.org\/{rel}","templated":true}]}}