{"id":92,"date":"2021-03-23T18:51:14","date_gmt":"2021-03-23T18:51:14","guid":{"rendered":"http:\/\/uptech.si\/?page_id=92"},"modified":"2024-06-04T18:32:33","modified_gmt":"2024-06-04T18:32:33","slug":"front-page","status":"publish","type":"page","link":"https:\/\/webtech.international\/sl\/","title":{"rendered":"FRONT PAGE"},"content":{"rendered":"<p><section id=\"home-header\" class=\"fw-main-row mx-5 pt-3\" style=\"background-color:#ffffff;\" >\n\t<div class=\"fw-container-fluid\">\n\t\t<div class=\"fw-row\">\n\t\n<div id=\"\" class=\"fw-col-xs-12 fw-col-sm-2 home-header-text animate__animated animate__tada text-left\">\n\t<\/div>\n\n<div id=\"\" class=\"fw-col-xs-12 fw-col-sm-8 home-header-text animate__animated animate__fadeIn animate__slow text-center\">\n\t<img decoding=\"async\" src=\"\/\/webtech.international\/wp-content\/uploads\/2023\/09\/top-scaled-edited.webp\" alt=\"\/\/webtech.international\/wp-content\/uploads\/2023\/09\/top-scaled-edited.webp\" \/><div class=\"fw-heading fw-heading-h1\">\n\t\t<h1 class='fw-special-title'>Zasijte na spletu!<\/h1>\t<\/div><div class=\"fw-heading fw-heading-h6\">\n\t\t<h6 class='fw-special-title'>From only \u20ac499<\/h6>\t<\/div><a href=\"\/sl\/prices\/\" target=\"_self\" class=\"fw-btn fw-btn-1  blue-button\">\n\t<span>Naro\u010dite Spletno Stran<\/span>\n<\/a>\n<\/div>\n\n<div id=\"\" class=\"fw-col-xs-12 fw-col-sm-2 home-header-text animate__animated animate__tada text-left\">\n\t<\/div>\n<\/div>\n\n\t<\/div>\n<\/section>\n<section id=\"home-pinch\" class=\"fw-main-row pb-5\" style=\"background-color:#f7f7f7;\" >\n\t<div class=\"fw-container\">\n\t\t<div class=\"fw-row\">\n\t\n<div id=\"\" class=\"fw-col-xs-12\">\n\t\n\t<div class=\"fw-divider-space\" style=\"padding-top: 120px;\"><\/div>\n<\/div>\n<\/div>\n\n<div class=\"fw-row\">\n\t\n<div id=\"\" class=\"fw-col-xs-12 fw-col-sm-6 website animate__animated animate__fadeInLeft px-5 pb-5 animate-on-scroll\">\n\t<h1>Vse, kar morate storiti, so <b>3<\/b> preprosti koraki<\/h1><p><i>in tukaj smo, da vam pri tem pomagamo<\/i><\/p>\n\t<div class=\"fw-divider-space\" style=\"padding-top: 70px;\"><\/div>\n<h3 class=\"mb-2\"><b>1.<\/b> USTVARI <b>SPLETNO STRAN.<\/b><\/h3><p>Edinstvena oblika spletne strani, ki va\u0161e podjetje lo\u010di od konkurence. Poskrbeli bomo za vse, od kombinacij barv do ustvarjanja logotipa, ki pripoveduje zgodbo o ciljih va\u0161ega podjetja.<\/p><\/div>\n\n<div id=\"\" class=\"fw-col-xs-12 fw-col-sm-6 animate__animated animate__fadeInRight px-5 animate-on-scroll\">\n\t<img decoding=\"async\" src=\"\/\/webtech.international\/wp-content\/uploads\/2023\/08\/woman-working-with-dried-flowers.webp\" alt=\"\/\/webtech.international\/wp-content\/uploads\/2023\/08\/woman-working-with-dried-flowers.webp\" \/><p><em>Veronica, 36<\/em><\/p><p><small><i>- cvetli\u010darna v majhnem mestu -<\/i><\/small><\/p><\/div>\n<\/div>\n\n<div class=\"fw-row\">\n\t\n<div id=\"\" class=\"fw-col-xs-12\">\n\t\n\t<div class=\"fw-divider-space\" style=\"padding-top: 70px;\"><\/div>\n<\/div>\n<\/div>\n\n<div class=\"fw-row\">\n\t\n<div id=\"\" class=\"fw-col-xs-12 fw-col-sm-6 animate__animated animate__fadeInDown px-5 animate-on-scroll\">\n\t<img decoding=\"async\" src=\"\/\/webtech.international\/wp-content\/uploads\/2023\/08\/man-painting-with-watercolors.webp\" alt=\"\/\/webtech.international\/wp-content\/uploads\/2023\/08\/man-painting-with-watercolors.webp\" \/><p><em>Miha, 65<\/em><\/p><p><small><i>- spletna umetni\u0161ka \u0161ola -<\/i><\/small><\/p><\/div>\n\n<div id=\"\" class=\"fw-col-xs-12 fw-col-sm-6 website animate__animated animate__fadeInDown px-5 animate-on-scroll\">\n\t<h3 class=\"mb-2\"><b>2.<\/b> MAKSIMIZIRAJ U\u010cINKOVITOST <b>VSEBINE<\/b> .<\/h3><p>SEO pomaga izbolj\u0161ati vidnost spletne strani v rezultatih iskalnikov, kar pove\u010duje organski promet in mo\u017enosti za dosego potencialnih strank. Pomagali vam bomo pri ustvarjanju vsebine, ki bo promovirala va\u0161o spletno stran in jo pomagala prikazati na prvih straneh rezultatov iskalnikov.<\/p><\/div>\n<\/div>\n\n<div class=\"fw-row\">\n\t\n<div id=\"\" class=\"fw-col-xs-12\">\n\t\n\t<div class=\"fw-divider-space\" style=\"padding-top: 70px;\"><\/div>\n<\/div>\n<\/div>\n\n<div class=\"fw-row\">\n\t\n<div id=\"\" class=\"fw-col-xs-12 fw-col-sm-6 website animate__animated animate__fadeInDown px-5 pb-5 animate-on-scroll\">\n\t<h3 class=\"mb-2\"><b>3. OGLA\u0160UJTE<\/b> SVOJO ZNAMKO.<\/h3><p>Uspeh podjetja temelji na prepoznavnosti znamke. Na\u0161e podjetje ima formulo, ki zdru\u017euje upravljanje dru\u017ebenih medijev, tr\u017eenje prek e-po\u0161te in ciljano ogla\u0161evanje za izgradnjo strategije prepoznavnosti znamke na spletu.<\/p>\n\t<div class=\"fw-divider-space\" style=\"padding-top: 50px;\"><\/div>\n<\/div>\n\n<div id=\"\" class=\"fw-col-xs-12 fw-col-sm-6 animate__animated animate__fadeInDown px-5 pb-5 animate-on-scroll\">\n\t<img decoding=\"async\" src=\"\/\/webtech.international\/wp-content\/uploads\/2023\/08\/hipster-brunette-girl-making-selfie-outdoors-shorthaired-woman-beige-jacket-pink-sunglasses-taking-photo-sitting-cafe.webp\" alt=\"\/\/webtech.international\/wp-content\/uploads\/2023\/08\/hipster-brunette-girl-making-selfie-outdoors-shorthaired-woman-beige-jacket-pink-sunglasses-taking-photo-sitting-cafe.webp\" \/><p><em>Martha, 21<\/em><\/p><p><small><i>- popotni\u0161ka blogerka \/ influencer -<\/i><\/small><\/p><\/div>\n<\/div>\n\n<div class=\"fw-row\">\n\t\n<div id=\"\" class=\"fw-col-xs-12\">\n\t<a href=\"https:\/\/webtech.international\/sl\/order\/\" target=\"_self\" class=\"fw-btn fw-btn-1  black-button w-100\">\n\t<span>Za\u010dnimo!<\/span>\n<\/a>\n<\/div>\n<\/div>\n\n\t<\/div>\n<\/section>\n<section id=\"\" class=\"fw-main-row\" style=\"background-color:#d7e6f5;\" >\n\t<div class=\"fw-container-fluid\">\n\t\t<div class=\"fw-row\">\n\t\n<div id=\"blog-link\" class=\"fw-col-xs-12 text-center my-5 animate__animated animate__fadeInLeft animate-on-scroll\">\n\t<h1>Oglejte si na\u0161 <a href=\"\/sl\/blog\/\"><b>blog<\/b> <i class=\"fa-solid fa-arrow-right\"><\/i><\/a><\/h1><p><i>in odkrijte zakladnico epskih \u010dlankov!<\/i><\/p><\/div>\n<\/div>\n\n\t<\/div>\n<\/section>\n<\/p>","protected":false},"excerpt":{"rendered":"<p>Get your business online, beautifully! From only \u20ac499 Order a Website All<\/p>","protected":false},"author":1,"featured_media":0,"parent":0,"menu_order":0,"comment_status":"closed","ping_status":"closed","template":"","meta":{"footnotes":""},"class_list":["post-92","page","type-page","status-publish","hentry"],"_links":{"self":[{"href":"https:\/\/webtech.international\/sl\/wp-json\/wp\/v2\/pages\/92","targetHints":{"allow":["GET"]}}],"collection":[{"href":"https:\/\/webtech.international\/sl\/wp-json\/wp\/v2\/pages"}],"about":[{"href":"https:\/\/webtech.international\/sl\/wp-json\/wp\/v2\/types\/page"}],"author":[{"embeddable":true,"href":"https:\/\/webtech.international\/sl\/wp-json\/wp\/v2\/users\/1"}],"replies":[{"embeddable":true,"href":"https:\/\/webtech.international\/sl\/wp-json\/wp\/v2\/comments?post=92"}],"version-history":[{"count":631,"href":"https:\/\/webtech.international\/sl\/wp-json\/wp\/v2\/pages\/92\/revisions"}],"predecessor-version":[{"id":1794,"href":"https:\/\/webtech.international\/sl\/wp-json\/wp\/v2\/pages\/92\/revisions\/1794"}],"wp:attachment":[{"href":"https:\/\/webtech.international\/sl\/wp-json\/wp\/v2\/media?parent=92"}],"curies":[{"name":"wp","href":"https:\/\/api.w.org\/{rel}","templated":true}]}}